{"id":10354,"date":"2021-10-06T20:24:47","date_gmt":"2021-10-06T19:24:47","guid":{"rendered":"https:\/\/www.chambredefan.com\/product\/cardigan-en-laine-merinos-torsadee-avec-epingle-en-metal-dore\/"},"modified":"2025-08-16T22:04:57","modified_gmt":"2025-08-16T20:04:57","slug":"cardigan-marron-en-laine-merinos-torsade-avec-epingle-en-metal-dore","status":"publish","type":"product","link":"https:\/\/www.chambredefan.com\/fr\/produit-fr\/cardigan-marron-en-laine-merinos-torsade-avec-epingle-en-metal-dore\/","title":{"rendered":"CARDIGAN MARRON EN LAINE M\u00c9RINOS+ TORSAD\u00c9 AVEC \u00c9PINGLE EN M\u00c9TAL DOR\u00c9"},"content":{"rendered":"<div class=\"wpb-content-wrapper\"><p>[vc_row][vc_column][vc_column_text]<\/p>\n<p>Cardigan Marron En Laine M\u00e9rinos+ Torsad\u00e9 Avec \u00c9pingle En M\u00e9tal Dor\u00e9<br \/>\nLe mannequin mesure 175cm et porte une taille S<\/p>\n<p>[\/vc_column_text][\/vc_column][\/vc_row]<\/p>\n<\/div>","protected":false},"excerpt":{"rendered":"<p>[vc_row][vc_column][vc_column_text] Cardigan Marron En Laine M\u00e9rinos+ Torsad\u00e9 Avec \u00c9pingle En M\u00e9tal Dor\u00e9 Le mannequin mesure 175cm et porte une taille S [\/vc_column_text][\/vc_column][\/vc_row]<\/p>\n","protected":false},"featured_media":11233,"template":"","meta":[],"product_brand":[],"product_cat":[439,435,369],"product_tag":[],"class_list":{"0":"post-10354","1":"product","2":"type-product","3":"status-publish","4":"has-post-thumbnail","6":"product_cat-essentiel-femme-tout-le-pret-a-porter","7":"product_cat-essentiel-femme-pulls-cardigans","8":"product_cat-femme-soldes","10":"first","11":"instock","12":"taxable","13":"shipping-taxable","14":"purchasable","15":"product-type-variable"},"etheme_brands":{"errors":{"invalid_taxonomy":["Taxonomie non valide."]},"error_data":[]},"_links":{"self":[{"href":"https:\/\/www.chambredefan.com\/fr\/wp-json\/wp\/v2\/product\/10354","targetHints":{"allow":["GET"]}}],"collection":[{"href":"https:\/\/www.chambredefan.com\/fr\/wp-json\/wp\/v2\/product"}],"about":[{"href":"https:\/\/www.chambredefan.com\/fr\/wp-json\/wp\/v2\/types\/product"}],"wp:featuredmedia":[{"embeddable":true,"href":"https:\/\/www.chambredefan.com\/fr\/wp-json\/wp\/v2\/media\/11233"}],"wp:attachment":[{"href":"https:\/\/www.chambredefan.com\/fr\/wp-json\/wp\/v2\/media?parent=10354"}],"wp:term":[{"taxonomy":"product_brand","embeddable":true,"href":"https:\/\/www.chambredefan.com\/fr\/wp-json\/wp\/v2\/product_brand?post=10354"},{"taxonomy":"product_cat","embeddable":true,"href":"https:\/\/www.chambredefan.com\/fr\/wp-json\/wp\/v2\/product_cat?post=10354"},{"taxonomy":"product_tag","embeddable":true,"href":"https:\/\/www.chambredefan.com\/fr\/wp-json\/wp\/v2\/product_tag?post=10354"}],"curies":[{"name":"wp","href":"https:\/\/api.w.org\/{rel}","templated":true}]}}