{"id":11432,"date":"2022-02-08T22:59:22","date_gmt":"2022-02-08T21:59:22","guid":{"rendered":"https:\/\/www.chambredefan.com\/?post_type=product&#038;p=11432"},"modified":"2025-08-16T23:11:35","modified_gmt":"2025-08-16T21:11:35","slug":"maille-3d-top-fendu-gris-sur-le-cote-en-laine-merinos","status":"publish","type":"product","link":"https:\/\/www.chambredefan.com\/fr\/produit-fr\/maille-3d-top-fendu-gris-sur-le-cote-en-laine-merinos\/","title":{"rendered":"MAILLE 3D TOP FENDU GRIS SUR LE C\u00d4T\u00c9 EN LAINE M\u00c9RINOS"},"content":{"rendered":"<div class=\"wpb-content-wrapper\"><p>[vc_row][vc_column][vc_column_text]<\/p>\n<p>Maille 3D Top Fendu Gris Sur Le C\u00f4t\u00e9 En Laine M\u00e9rinos<br \/>\nLe mannequin mesure 175cm et porte une taille S<\/p>\n<p>[\/vc_column_text][\/vc_column][\/vc_row]<\/p>\n<\/div>","protected":false},"excerpt":{"rendered":"<p>[vc_row][vc_column][vc_column_text] Maille 3D Top Fendu Gris Sur Le C\u00f4t\u00e9 En Laine M\u00e9rinos Le mannequin mesure 175cm et porte une taille S [\/vc_column_text][\/vc_column][\/vc_row]<\/p>\n","protected":false},"featured_media":11191,"template":"","meta":[],"product_brand":[],"product_cat":[439,432,369],"product_tag":[],"class_list":{"0":"post-11432","1":"product","2":"type-product","3":"status-publish","4":"has-post-thumbnail","6":"product_cat-essentiel-femme-tout-le-pret-a-porter","7":"product_cat-essentiel-femme-tops-t-shirts","8":"product_cat-femme-soldes","10":"first","11":"instock","12":"taxable","13":"shipping-taxable","14":"purchasable","15":"product-type-variable"},"etheme_brands":{"errors":{"invalid_taxonomy":["Taxonomie non valide."]},"error_data":[]},"_links":{"self":[{"href":"https:\/\/www.chambredefan.com\/fr\/wp-json\/wp\/v2\/product\/11432","targetHints":{"allow":["GET"]}}],"collection":[{"href":"https:\/\/www.chambredefan.com\/fr\/wp-json\/wp\/v2\/product"}],"about":[{"href":"https:\/\/www.chambredefan.com\/fr\/wp-json\/wp\/v2\/types\/product"}],"wp:featuredmedia":[{"embeddable":true,"href":"https:\/\/www.chambredefan.com\/fr\/wp-json\/wp\/v2\/media\/11191"}],"wp:attachment":[{"href":"https:\/\/www.chambredefan.com\/fr\/wp-json\/wp\/v2\/media?parent=11432"}],"wp:term":[{"taxonomy":"product_brand","embeddable":true,"href":"https:\/\/www.chambredefan.com\/fr\/wp-json\/wp\/v2\/product_brand?post=11432"},{"taxonomy":"product_cat","embeddable":true,"href":"https:\/\/www.chambredefan.com\/fr\/wp-json\/wp\/v2\/product_cat?post=11432"},{"taxonomy":"product_tag","embeddable":true,"href":"https:\/\/www.chambredefan.com\/fr\/wp-json\/wp\/v2\/product_tag?post=11432"}],"curies":[{"name":"wp","href":"https:\/\/api.w.org\/{rel}","templated":true}]}}