{"id":14791,"date":"2022-12-14T10:46:16","date_gmt":"2022-12-14T09:46:16","guid":{"rendered":"https:\/\/www.chambredefan.com\/product\/chaussettes-jacquard-marrons-bleues\/"},"modified":"2025-08-16T23:26:16","modified_gmt":"2025-08-16T21:26:16","slug":"chaussettes-jacquard-marrons-bleues","status":"publish","type":"product","link":"https:\/\/www.chambredefan.com\/fr\/produit-fr\/chaussettes-jacquard-marrons-bleues\/","title":{"rendered":"CHAUSSETTES JACQUARD MARRONS\/BLEUES"},"content":{"rendered":"<div class=\"wpb-content-wrapper\"><p>[vc_row][vc_column][vc_column_text]<\/p>\n<p>Chaussettes Jacquard Marrons\/Bleues<\/p>\n<p>&nbsp;<\/p>\n<p style=\"text-align: justify;\">Ces chaussettes en coton m\u00e9lang\u00e9 de hauteur mi-mollet sont tricot\u00e9es dans un Jacquard. Elles sont douces et chaudes.<\/p>\n<p>&nbsp;<\/p>\n<p>Maille \u00e9paisse<\/p>\n<p>&nbsp;<\/p>\n<p>Fabriqu\u00e9 en Italie<\/p>\n<p>[\/vc_column_text][\/vc_column][\/vc_row]<\/p>\n<\/div>","protected":false},"excerpt":{"rendered":"<p>[vc_row][vc_column][vc_column_text] Chaussettes Jacquard Marrons\/Bleues &nbsp; Ces chaussettes en coton m\u00e9lang\u00e9 de hauteur mi-mollet sont tricot\u00e9es dans un Jacquard. Elles sont douces et chaudes. &nbsp; Maille \u00e9paisse &nbsp; Fabriqu\u00e9 en Italie [\/vc_column_text][\/vc_column][\/vc_row]<\/p>\n","protected":false},"featured_media":15558,"template":"","meta":[],"product_brand":[],"product_cat":[114,377,369],"product_tag":[],"class_list":{"0":"post-14791","1":"product","2":"type-product","3":"status-publish","4":"has-post-thumbnail","6":"product_cat-tous-les-accessoires","7":"product_cat-chaussettes","8":"product_cat-femme-soldes","10":"first","11":"instock","12":"taxable","13":"shipping-taxable","14":"purchasable","15":"product-type-variable"},"etheme_brands":{"errors":{"invalid_taxonomy":["Taxonomie non valide."]},"error_data":[]},"_links":{"self":[{"href":"https:\/\/www.chambredefan.com\/fr\/wp-json\/wp\/v2\/product\/14791","targetHints":{"allow":["GET"]}}],"collection":[{"href":"https:\/\/www.chambredefan.com\/fr\/wp-json\/wp\/v2\/product"}],"about":[{"href":"https:\/\/www.chambredefan.com\/fr\/wp-json\/wp\/v2\/types\/product"}],"wp:featuredmedia":[{"embeddable":true,"href":"https:\/\/www.chambredefan.com\/fr\/wp-json\/wp\/v2\/media\/15558"}],"wp:attachment":[{"href":"https:\/\/www.chambredefan.com\/fr\/wp-json\/wp\/v2\/media?parent=14791"}],"wp:term":[{"taxonomy":"product_brand","embeddable":true,"href":"https:\/\/www.chambredefan.com\/fr\/wp-json\/wp\/v2\/product_brand?post=14791"},{"taxonomy":"product_cat","embeddable":true,"href":"https:\/\/www.chambredefan.com\/fr\/wp-json\/wp\/v2\/product_cat?post=14791"},{"taxonomy":"product_tag","embeddable":true,"href":"https:\/\/www.chambredefan.com\/fr\/wp-json\/wp\/v2\/product_tag?post=14791"}],"curies":[{"name":"wp","href":"https:\/\/api.w.org\/{rel}","templated":true}]}}