{"id":17309,"date":"2023-05-16T17:28:37","date_gmt":"2023-05-16T16:28:37","guid":{"rendered":"https:\/\/www.chambredefan.com\/product\/chemise-ou-ou-c\/"},"modified":"2025-08-16T23:29:33","modified_gmt":"2025-08-16T21:29:33","slug":"chemise-ou-ou-c","status":"publish","type":"product","link":"https:\/\/www.chambredefan.com\/fr\/produit-fr\/chemise-ou-ou-c\/","title":{"rendered":"CHEMISE OU-OU.C"},"content":{"rendered":"<div class=\"wpb-content-wrapper\"><p>[vc_row][vc_column][vc_column_text]Chemise Beige En Crochet Brod\u00e9e \u00c0 La Main<br \/>\nLe mannequin mesure 175cm et porte une taille S<\/p>\n<p>&nbsp;<\/p>\n<p style=\"text-align: justify;\">Cette chemise \u00e0 manches courtes est faite en pur crochet \u00e0 la main, et les fleurs tricot\u00e9es poussent librement sur le v\u00eatement, avec une fleur brod\u00e9e \u00e0 la main qui \u00e9clot joyeusement sur la poche de la chemise, et une bordure de fleurs bleu marine dessinant l&#8217;ensemble de la silhouette de la chemise. Portez Ou-ou cet \u00e9t\u00e9 chaud pour profiter pleinement du confort de la brise qui caresse votre corps.<\/p>\n<p>&nbsp;<\/p>\n<p>Fabriqu\u00e9 en Chine[\/vc_column_text][\/vc_column][\/vc_row]<\/p>\n<\/div>","protected":false},"excerpt":{"rendered":"<p>[vc_row][vc_column][vc_column_text]Chemise Beige En Crochet Brod\u00e9e \u00c0 La Main Le mannequin mesure 175cm et porte une taille S &nbsp; Cette chemise \u00e0 manches courtes est faite en pur crochet \u00e0 la main, et les fleurs tricot\u00e9es poussent librement sur le v\u00eatement, avec une fleur brod\u00e9e \u00e0&#8230;<\/p>\n","protected":false},"featured_media":16377,"template":"","meta":[],"product_brand":[],"product_cat":[378,176,369],"product_tag":[],"class_list":{"0":"post-17309","1":"product","2":"type-product","3":"status-publish","4":"has-post-thumbnail","6":"product_cat-femme-tout-le-pret-a-porter","7":"product_cat-femme-tops-t-shirts","8":"product_cat-femme-soldes","10":"first","11":"instock","12":"taxable","13":"shipping-taxable","14":"purchasable","15":"product-type-variable"},"etheme_brands":{"errors":{"invalid_taxonomy":["Taxonomie non valide."]},"error_data":[]},"_links":{"self":[{"href":"https:\/\/www.chambredefan.com\/fr\/wp-json\/wp\/v2\/product\/17309","targetHints":{"allow":["GET"]}}],"collection":[{"href":"https:\/\/www.chambredefan.com\/fr\/wp-json\/wp\/v2\/product"}],"about":[{"href":"https:\/\/www.chambredefan.com\/fr\/wp-json\/wp\/v2\/types\/product"}],"wp:featuredmedia":[{"embeddable":true,"href":"https:\/\/www.chambredefan.com\/fr\/wp-json\/wp\/v2\/media\/16377"}],"wp:attachment":[{"href":"https:\/\/www.chambredefan.com\/fr\/wp-json\/wp\/v2\/media?parent=17309"}],"wp:term":[{"taxonomy":"product_brand","embeddable":true,"href":"https:\/\/www.chambredefan.com\/fr\/wp-json\/wp\/v2\/product_brand?post=17309"},{"taxonomy":"product_cat","embeddable":true,"href":"https:\/\/www.chambredefan.com\/fr\/wp-json\/wp\/v2\/product_cat?post=17309"},{"taxonomy":"product_tag","embeddable":true,"href":"https:\/\/www.chambredefan.com\/fr\/wp-json\/wp\/v2\/product_tag?post=17309"}],"curies":[{"name":"wp","href":"https:\/\/api.w.org\/{rel}","templated":true}]}}