{"id":17352,"date":"2023-05-17T11:37:37","date_gmt":"2023-05-17T10:37:37","guid":{"rendered":"https:\/\/www.chambredefan.com\/product\/robe-niodelle-r\/"},"modified":"2025-08-16T23:30:36","modified_gmt":"2025-08-16T21:30:36","slug":"robe-niodelle-r","status":"publish","type":"product","link":"https:\/\/www.chambredefan.com\/fr\/produit-fr\/robe-niodelle-r\/","title":{"rendered":"ROBE NIODELLE.R"},"content":{"rendered":"<div class=\"wpb-content-wrapper\"><p>[vc_row][vc_column][vc_column_text]Robe Bustier Noire Jacquard Artistique<br \/>\nLe mannequin mesure 175cm et porte une taille S<\/p>\n<p>&nbsp;<\/p>\n<p style=\"text-align: justify;\">Cette robe bustier est faite de European Flax\u00ae lin naturel et de viscose, et r\u00e9alis\u00e9e avec la technique italienne de tricot jacquard pour cr\u00e9er un motif de rayures verticales fluide et \u00e9pur\u00e9 sur la robe, mettant en valeur de vivants oiseaux blancs volants. La conception pliss\u00e9e autour de la poitrine et de la taille cr\u00e9e une silhouette \u00e9l\u00e9gante et confortable, tandis que les poches de chaque c\u00f4t\u00e9 de la taille rendent vos d\u00e9placements pratiques.<\/p>\n<p>&nbsp;<\/p>\n<p>Fabriqu\u00e9 en Italie[\/vc_column_text][\/vc_column][\/vc_row]<\/p>\n<\/div>","protected":false},"excerpt":{"rendered":"<p>[vc_row][vc_column][vc_column_text]Robe Bustier Noire Jacquard Artistique Le mannequin mesure 175cm et porte une taille S &nbsp; Cette robe bustier est faite de European Flax\u00ae lin naturel et de viscose, et r\u00e9alis\u00e9e avec la technique italienne de tricot jacquard pour cr\u00e9er un motif de rayures verticales fluide&#8230;<\/p>\n","protected":false},"featured_media":16218,"template":"","meta":[],"product_brand":[],"product_cat":[378,120],"product_tag":[],"class_list":{"0":"post-17352","1":"product","2":"type-product","3":"status-publish","4":"has-post-thumbnail","6":"product_cat-femme-tout-le-pret-a-porter","7":"product_cat-femme-robes","9":"first","10":"instock","11":"taxable","12":"shipping-taxable","13":"purchasable","14":"product-type-variable"},"etheme_brands":{"errors":{"invalid_taxonomy":["Taxonomie non valide."]},"error_data":[]},"_links":{"self":[{"href":"https:\/\/www.chambredefan.com\/fr\/wp-json\/wp\/v2\/product\/17352","targetHints":{"allow":["GET"]}}],"collection":[{"href":"https:\/\/www.chambredefan.com\/fr\/wp-json\/wp\/v2\/product"}],"about":[{"href":"https:\/\/www.chambredefan.com\/fr\/wp-json\/wp\/v2\/types\/product"}],"wp:featuredmedia":[{"embeddable":true,"href":"https:\/\/www.chambredefan.com\/fr\/wp-json\/wp\/v2\/media\/16218"}],"wp:attachment":[{"href":"https:\/\/www.chambredefan.com\/fr\/wp-json\/wp\/v2\/media?parent=17352"}],"wp:term":[{"taxonomy":"product_brand","embeddable":true,"href":"https:\/\/www.chambredefan.com\/fr\/wp-json\/wp\/v2\/product_brand?post=17352"},{"taxonomy":"product_cat","embeddable":true,"href":"https:\/\/www.chambredefan.com\/fr\/wp-json\/wp\/v2\/product_cat?post=17352"},{"taxonomy":"product_tag","embeddable":true,"href":"https:\/\/www.chambredefan.com\/fr\/wp-json\/wp\/v2\/product_tag?post=17352"}],"curies":[{"name":"wp","href":"https:\/\/api.w.org\/{rel}","templated":true}]}}