{"id":17364,"date":"2023-05-17T15:13:37","date_gmt":"2023-05-17T14:13:37","guid":{"rendered":"https:\/\/www.chambredefan.com\/product\/robe-gico-niodelle-d\/"},"modified":"2025-08-16T23:32:11","modified_gmt":"2025-08-16T21:32:11","slug":"robe-gico-niodelle-d","status":"publish","type":"product","link":"https:\/\/www.chambredefan.com\/fr\/produit-fr\/robe-gico-niodelle-d\/","title":{"rendered":"ROBE GICO-NIODELLE.D"},"content":{"rendered":"<div class=\"wpb-content-wrapper\"><p>[vc_row][vc_column][vc_column_text]Robe Iris Violette Dentelle Oiseaux<br \/>\nLe mannequin mesure 175cm et porte une taille S<\/p>\n<p>&nbsp;<\/p>\n<p style=\"text-align: justify;\">Cette robe en tricot confortable et douce pour la peau est compos\u00e9e \u00e0 100% coton pima, et r\u00e9alis\u00e9e avec la technique italienne de dentelle tricot\u00e9e fine pour cr\u00e9er de subtils et exquis oiseaux volants sur la robe. La fente lat\u00e9rale de la robe vous permet de vous d\u00e9placer librement, tandis que les d\u00e9licats volants ultimes sur l&#8217;encolure, les poignets et l&#8217;ourlet, qui ressemblent \u00e0 des nuages doux, interagissent avec les oiseaux volants sur la robe.<\/p>\n<p>&nbsp;<\/p>\n<p>Fabriqu\u00e9 en Italie[\/vc_column_text][\/vc_column][\/vc_row]<\/p>\n<\/div>","protected":false},"excerpt":{"rendered":"<p>[vc_row][vc_column][vc_column_text]Robe Iris Violette Dentelle Oiseaux Le mannequin mesure 175cm et porte une taille S &nbsp; Cette robe en tricot confortable et douce pour la peau est compos\u00e9e \u00e0 100% coton pima, et r\u00e9alis\u00e9e avec la technique italienne de dentelle tricot\u00e9e fine pour cr\u00e9er de subtils&#8230;<\/p>\n","protected":false},"featured_media":16050,"template":"","meta":[],"product_brand":[],"product_cat":[378,120],"product_tag":[],"class_list":{"0":"post-17364","1":"product","2":"type-product","3":"status-publish","4":"has-post-thumbnail","6":"product_cat-femme-tout-le-pret-a-porter","7":"product_cat-femme-robes","9":"first","10":"instock","11":"taxable","12":"shipping-taxable","13":"purchasable","14":"product-type-variable"},"etheme_brands":{"errors":{"invalid_taxonomy":["Taxonomie non valide."]},"error_data":[]},"_links":{"self":[{"href":"https:\/\/www.chambredefan.com\/fr\/wp-json\/wp\/v2\/product\/17364","targetHints":{"allow":["GET"]}}],"collection":[{"href":"https:\/\/www.chambredefan.com\/fr\/wp-json\/wp\/v2\/product"}],"about":[{"href":"https:\/\/www.chambredefan.com\/fr\/wp-json\/wp\/v2\/types\/product"}],"wp:featuredmedia":[{"embeddable":true,"href":"https:\/\/www.chambredefan.com\/fr\/wp-json\/wp\/v2\/media\/16050"}],"wp:attachment":[{"href":"https:\/\/www.chambredefan.com\/fr\/wp-json\/wp\/v2\/media?parent=17364"}],"wp:term":[{"taxonomy":"product_brand","embeddable":true,"href":"https:\/\/www.chambredefan.com\/fr\/wp-json\/wp\/v2\/product_brand?post=17364"},{"taxonomy":"product_cat","embeddable":true,"href":"https:\/\/www.chambredefan.com\/fr\/wp-json\/wp\/v2\/product_cat?post=17364"},{"taxonomy":"product_tag","embeddable":true,"href":"https:\/\/www.chambredefan.com\/fr\/wp-json\/wp\/v2\/product_tag?post=17364"}],"curies":[{"name":"wp","href":"https:\/\/api.w.org\/{rel}","templated":true}]}}