{"id":17400,"date":"2023-05-17T15:51:47","date_gmt":"2023-05-17T14:51:47","guid":{"rendered":"https:\/\/www.chambredefan.com\/product\/robe-niodelle-d\/"},"modified":"2025-08-16T23:32:44","modified_gmt":"2025-08-16T21:32:44","slug":"robe-niodelle-d","status":"publish","type":"product","link":"https:\/\/www.chambredefan.com\/fr\/produit-fr\/robe-niodelle-d\/","title":{"rendered":"ROBE NIODELLE.D"},"content":{"rendered":"<div class=\"wpb-content-wrapper\"><p>[vc_row][vc_column][vc_column_text]Robe Jacquard Artistique<br \/>\nLe mannequin mesure 175cm et porte une taille S<\/p>\n<p>&nbsp;<\/p>\n<p style=\"text-align: justify;\">Cette robe sir\u00e8ne est faite de lin naturel et de coton, en faisant le choix parfait pour une tenue d\u00e9contract\u00e9e quotidienne ou en vacances. La technique italienne de tricot jacquard c\u00f4tel\u00e9 cr\u00e9e un motif unique sur la robe qui \u00e9pouse votre silhouette, tandis que les oiseaux noirs volants originaux apparaissent vivants et dynamiques sur la robe. Les volants exquis et d\u00e9licats \u00e0 l&#8217;ourlet cr\u00e9ent une queue de sir\u00e8ne adorable et anim\u00e9e.<\/p>\n<p>&nbsp;<\/p>\n<p>Fabriqu\u00e9 en Italie[\/vc_column_text][\/vc_column][\/vc_row]<\/p>\n<\/div>","protected":false},"excerpt":{"rendered":"<p>[vc_row][vc_column][vc_column_text]Robe Jacquard Artistique Le mannequin mesure 175cm et porte une taille S &nbsp; Cette robe sir\u00e8ne est faite de lin naturel et de coton, en faisant le choix parfait pour une tenue d\u00e9contract\u00e9e quotidienne ou en vacances. La technique italienne de tricot jacquard c\u00f4tel\u00e9 cr\u00e9e&#8230;<\/p>\n","protected":false},"featured_media":16194,"template":"","meta":[],"product_brand":[],"product_cat":[378,120,369],"product_tag":[],"class_list":{"0":"post-17400","1":"product","2":"type-product","3":"status-publish","4":"has-post-thumbnail","6":"product_cat-femme-tout-le-pret-a-porter","7":"product_cat-femme-robes","8":"product_cat-femme-soldes","10":"first","11":"instock","12":"taxable","13":"shipping-taxable","14":"purchasable","15":"product-type-variable"},"etheme_brands":{"errors":{"invalid_taxonomy":["Taxonomie non valide."]},"error_data":[]},"_links":{"self":[{"href":"https:\/\/www.chambredefan.com\/fr\/wp-json\/wp\/v2\/product\/17400","targetHints":{"allow":["GET"]}}],"collection":[{"href":"https:\/\/www.chambredefan.com\/fr\/wp-json\/wp\/v2\/product"}],"about":[{"href":"https:\/\/www.chambredefan.com\/fr\/wp-json\/wp\/v2\/types\/product"}],"wp:featuredmedia":[{"embeddable":true,"href":"https:\/\/www.chambredefan.com\/fr\/wp-json\/wp\/v2\/media\/16194"}],"wp:attachment":[{"href":"https:\/\/www.chambredefan.com\/fr\/wp-json\/wp\/v2\/media?parent=17400"}],"wp:term":[{"taxonomy":"product_brand","embeddable":true,"href":"https:\/\/www.chambredefan.com\/fr\/wp-json\/wp\/v2\/product_brand?post=17400"},{"taxonomy":"product_cat","embeddable":true,"href":"https:\/\/www.chambredefan.com\/fr\/wp-json\/wp\/v2\/product_cat?post=17400"},{"taxonomy":"product_tag","embeddable":true,"href":"https:\/\/www.chambredefan.com\/fr\/wp-json\/wp\/v2\/product_tag?post=17400"}],"curies":[{"name":"wp","href":"https:\/\/api.w.org\/{rel}","templated":true}]}}