{"id":17434,"date":"2023-05-18T10:08:54","date_gmt":"2023-05-18T09:08:54","guid":{"rendered":"https:\/\/www.chambredefan.com\/product\/pantalon-siliene-p\/"},"modified":"2025-08-16T23:35:36","modified_gmt":"2025-08-16T21:35:36","slug":"pantalon-siliene-p","status":"publish","type":"product","link":"https:\/\/www.chambredefan.com\/fr\/produit-fr\/pantalon-siliene-p\/","title":{"rendered":"PANTALON SILIENE.P"},"content":{"rendered":"<div class=\"wpb-content-wrapper\"><p>[vc_row][vc_column][vc_column_text]Pantalon Large Ray\u00e9 Beige En Lin M\u00e9lang\u00e9 Soie<br \/>\nLe mannequin mesure 175cm et porte une taille S<\/p>\n<p>&nbsp;<\/p>\n<p style=\"text-align: justify;\">Ce pantalon large taille haute est faite de lin et de soie. Les rayures verticales irr\u00e9guli\u00e8res et les plis au niveau de la taille basse cr\u00e9ent un look dynamique et \u00e9l\u00e9gant, tout en conservant une silhouette \u00e9pur\u00e9e. C&#8217;est un article id\u00e9al pour votre \u00e9t\u00e9 insouciant.<\/p>\n<p>&nbsp;<\/p>\n<p>Fabriqu\u00e9 en Chine[\/vc_column_text][\/vc_column][\/vc_row]<\/p>\n<\/div>","protected":false},"excerpt":{"rendered":"<p>[vc_row][vc_column][vc_column_text]Pantalon Large Ray\u00e9 Beige En Lin M\u00e9lang\u00e9 Soie Le mannequin mesure 175cm et porte une taille S &nbsp; Ce pantalon large taille haute est faite de lin et de soie. Les rayures verticales irr\u00e9guli\u00e8res et les plis au niveau de la taille basse cr\u00e9ent un&#8230;<\/p>\n","protected":false},"featured_media":16647,"template":"","meta":[],"product_brand":[],"product_cat":[439,431,369],"product_tag":[],"class_list":{"0":"post-17434","1":"product","2":"type-product","3":"status-publish","4":"has-post-thumbnail","6":"product_cat-essentiel-femme-tout-le-pret-a-porter","7":"product_cat-essentiel-femme-pantalons-shorts","8":"product_cat-femme-soldes","10":"first","11":"instock","12":"taxable","13":"shipping-taxable","14":"purchasable","15":"product-type-variable"},"etheme_brands":{"errors":{"invalid_taxonomy":["Taxonomie non valide."]},"error_data":[]},"_links":{"self":[{"href":"https:\/\/www.chambredefan.com\/fr\/wp-json\/wp\/v2\/product\/17434","targetHints":{"allow":["GET"]}}],"collection":[{"href":"https:\/\/www.chambredefan.com\/fr\/wp-json\/wp\/v2\/product"}],"about":[{"href":"https:\/\/www.chambredefan.com\/fr\/wp-json\/wp\/v2\/types\/product"}],"wp:featuredmedia":[{"embeddable":true,"href":"https:\/\/www.chambredefan.com\/fr\/wp-json\/wp\/v2\/media\/16647"}],"wp:attachment":[{"href":"https:\/\/www.chambredefan.com\/fr\/wp-json\/wp\/v2\/media?parent=17434"}],"wp:term":[{"taxonomy":"product_brand","embeddable":true,"href":"https:\/\/www.chambredefan.com\/fr\/wp-json\/wp\/v2\/product_brand?post=17434"},{"taxonomy":"product_cat","embeddable":true,"href":"https:\/\/www.chambredefan.com\/fr\/wp-json\/wp\/v2\/product_cat?post=17434"},{"taxonomy":"product_tag","embeddable":true,"href":"https:\/\/www.chambredefan.com\/fr\/wp-json\/wp\/v2\/product_tag?post=17434"}],"curies":[{"name":"wp","href":"https:\/\/api.w.org\/{rel}","templated":true}]}}