{"id":17458,"date":"2023-05-18T10:32:48","date_gmt":"2023-05-18T09:32:48","guid":{"rendered":"https:\/\/www.chambredefan.com\/product\/gilet-tac-v\/"},"modified":"2025-08-16T23:35:51","modified_gmt":"2025-08-16T21:35:51","slug":"gilet-tac-v","status":"publish","type":"product","link":"https:\/\/www.chambredefan.com\/fr\/produit-fr\/gilet-tac-v\/","title":{"rendered":"GILET TAC.V"},"content":{"rendered":"<div class=\"wpb-content-wrapper\"><p>[vc_row][vc_column][vc_column_text]Gilet Blanc Brod\u00e9 Chat<br \/>\nLe mannequin mesure 175cm et porte une taille S<\/p>\n<p>&nbsp;<\/p>\n<p style=\"text-align: justify;\">Les souvenirs d&#8217;enfance des journ\u00e9es d&#8217;\u00e9t\u00e9 avec un chaton joueur, elle saute, elle joue. Elle est tellement libre et flexible. Ce gilet est fait de tissu doux et confortable, et le chat mignon et dynamique brod\u00e9 \u00e0 la main sur la poitrine. L&#8217;ourlet effiloch\u00e9 et la conception cousue \u00e0 la main de l&#8217;encolure nous rappellent notre jeunesse, tant\u00f4t dispers\u00e9e et d\u00e9tendue, tant\u00f4t sensible et tendue.<\/p>\n<p>&nbsp;<\/p>\n<p>Fabriqu\u00e9 en Chine[\/vc_column_text][\/vc_column][\/vc_row]<\/p>\n<\/div>","protected":false},"excerpt":{"rendered":"<p>[vc_row][vc_column][vc_column_text]Gilet Blanc Brod\u00e9 Chat Le mannequin mesure 175cm et porte une taille S &nbsp; Les souvenirs d&#8217;enfance des journ\u00e9es d&#8217;\u00e9t\u00e9 avec un chaton joueur, elle saute, elle joue. Elle est tellement libre et flexible. Ce gilet est fait de tissu doux et confortable, et le&#8230;<\/p>\n","protected":false},"featured_media":16563,"template":"","meta":[],"product_brand":[],"product_cat":[378,176,369],"product_tag":[],"class_list":{"0":"post-17458","1":"product","2":"type-product","3":"status-publish","4":"has-post-thumbnail","6":"product_cat-femme-tout-le-pret-a-porter","7":"product_cat-femme-tops-t-shirts","8":"product_cat-femme-soldes","10":"first","11":"instock","12":"taxable","13":"shipping-taxable","14":"purchasable","15":"product-type-variable"},"etheme_brands":{"errors":{"invalid_taxonomy":["Taxonomie non valide."]},"error_data":[]},"_links":{"self":[{"href":"https:\/\/www.chambredefan.com\/fr\/wp-json\/wp\/v2\/product\/17458","targetHints":{"allow":["GET"]}}],"collection":[{"href":"https:\/\/www.chambredefan.com\/fr\/wp-json\/wp\/v2\/product"}],"about":[{"href":"https:\/\/www.chambredefan.com\/fr\/wp-json\/wp\/v2\/types\/product"}],"wp:featuredmedia":[{"embeddable":true,"href":"https:\/\/www.chambredefan.com\/fr\/wp-json\/wp\/v2\/media\/16563"}],"wp:attachment":[{"href":"https:\/\/www.chambredefan.com\/fr\/wp-json\/wp\/v2\/media?parent=17458"}],"wp:term":[{"taxonomy":"product_brand","embeddable":true,"href":"https:\/\/www.chambredefan.com\/fr\/wp-json\/wp\/v2\/product_brand?post=17458"},{"taxonomy":"product_cat","embeddable":true,"href":"https:\/\/www.chambredefan.com\/fr\/wp-json\/wp\/v2\/product_cat?post=17458"},{"taxonomy":"product_tag","embeddable":true,"href":"https:\/\/www.chambredefan.com\/fr\/wp-json\/wp\/v2\/product_tag?post=17458"}],"curies":[{"name":"wp","href":"https:\/\/api.w.org\/{rel}","templated":true}]}}