{"id":17772,"date":"2023-10-04T13:10:15","date_gmt":"2023-10-04T11:10:15","guid":{"rendered":"https:\/\/www.chambredefan.com\/?post_type=product&#038;p=17772"},"modified":"2025-08-16T23:36:21","modified_gmt":"2025-08-16T21:36:21","slug":"pantalon-niodelle-p-bleu-pastel","status":"publish","type":"product","link":"https:\/\/www.chambredefan.com\/fr\/produit-fr\/pantalon-niodelle-p-bleu-pastel\/","title":{"rendered":"PANTALON NIODELLE.P"},"content":{"rendered":"<div class=\"wpb-content-wrapper\"><p>[vc_row][vc_column][vc_column_text]Pantalon Large Bleu Pastel Jacquard Artistique<br \/>\nLe mannequin mesure 175cm et porte une taille S<\/p>\n<p>&nbsp;<\/p>\n<p style=\"text-align: justify;\">Ce pantalon large est fait de European Flax\u00ae lin naturel et de viscose, et r\u00e9alis\u00e9s avec la technique italienne de tricot jacquard pour cr\u00e9er un motif de rayures verticales fluide et \u00e9pur\u00e9 sur le pantalon, mettant en valeur de vivants oiseaux blancs volants. La conception pliss\u00e9e autour des hanches cr\u00e9e une silhouette large et confortable, facilitant les mouvements.<\/p>\n<p>&nbsp;<\/p>\n<p>Fabriqu\u00e9 en Italie[\/vc_column_text][\/vc_column][\/vc_row]<\/p>\n<\/div>","protected":false},"excerpt":{"rendered":"<p>[vc_row][vc_column][vc_column_text]Pantalon Large Bleu Pastel Jacquard Artistique Le mannequin mesure 175cm et porte une taille S &nbsp; Ce pantalon large est fait de European Flax\u00ae lin naturel et de viscose, et r\u00e9alis\u00e9s avec la technique italienne de tricot jacquard pour cr\u00e9er un motif de rayures verticales&#8230;<\/p>\n","protected":false},"featured_media":16623,"template":"","meta":[],"product_brand":[],"product_cat":[378,132,369],"product_tag":[],"class_list":{"0":"post-17772","1":"product","2":"type-product","3":"status-publish","4":"has-post-thumbnail","6":"product_cat-femme-tout-le-pret-a-porter","7":"product_cat-femme-pantalons-shorts","8":"product_cat-femme-soldes","10":"first","11":"instock","12":"taxable","13":"shipping-taxable","14":"purchasable","15":"product-type-variable"},"etheme_brands":{"errors":{"invalid_taxonomy":["Taxonomie non valide."]},"error_data":[]},"_links":{"self":[{"href":"https:\/\/www.chambredefan.com\/fr\/wp-json\/wp\/v2\/product\/17772","targetHints":{"allow":["GET"]}}],"collection":[{"href":"https:\/\/www.chambredefan.com\/fr\/wp-json\/wp\/v2\/product"}],"about":[{"href":"https:\/\/www.chambredefan.com\/fr\/wp-json\/wp\/v2\/types\/product"}],"wp:featuredmedia":[{"embeddable":true,"href":"https:\/\/www.chambredefan.com\/fr\/wp-json\/wp\/v2\/media\/16623"}],"wp:attachment":[{"href":"https:\/\/www.chambredefan.com\/fr\/wp-json\/wp\/v2\/media?parent=17772"}],"wp:term":[{"taxonomy":"product_brand","embeddable":true,"href":"https:\/\/www.chambredefan.com\/fr\/wp-json\/wp\/v2\/product_brand?post=17772"},{"taxonomy":"product_cat","embeddable":true,"href":"https:\/\/www.chambredefan.com\/fr\/wp-json\/wp\/v2\/product_cat?post=17772"},{"taxonomy":"product_tag","embeddable":true,"href":"https:\/\/www.chambredefan.com\/fr\/wp-json\/wp\/v2\/product_tag?post=17772"}],"curies":[{"name":"wp","href":"https:\/\/api.w.org\/{rel}","templated":true}]}}