{"id":18715,"date":"2024-09-18T19:32:03","date_gmt":"2024-09-18T17:32:03","guid":{"rendered":"https:\/\/www.chambredefan.com\/product\/pull-jaune-jacquard-en-mohair-brosse\/"},"modified":"2025-08-16T23:38:36","modified_gmt":"2025-08-16T21:38:36","slug":"pull-jaune-jacquard-en-mohair-brosse","status":"publish","type":"product","link":"https:\/\/www.chambredefan.com\/fr\/produit-fr\/pull-jaune-jacquard-en-mohair-brosse\/","title":{"rendered":"PULL JAUNE JACQUARD EN MOHAIR BROSS\u00c9"},"content":{"rendered":"<div class=\"wpb-content-wrapper\"><p>[vc_row][vc_column][vc_column_text css=&#8221;&#8221;]<\/p>\n<p>Pull Jaune Jacquard En Mohair Bross\u00e9<br \/>\nLe mannequin mesure 175cm et porte une taille S<\/p>\n<p>&nbsp;<\/p>\n<p style=\"text-align: justify;\">Ce pull \u00e9pais joue sur les couleurs et les textures pour cr\u00e9er un effet particuli\u00e8rement chaud et \u00e9pais, avec des ourlets et des poignets arrach\u00e9s \u00e0 la main, et un col c\u00f4tel\u00e9, dans une teinte subtilement chin\u00e9e. Bross\u00e9 \u00e0 la main.<\/p>\n<p>&nbsp;<\/p>\n<p>Maille \u00e9paisse<\/p>\n<p>&nbsp;<\/p>\n<p>Fabriqu\u00e9 en Italie<\/p>\n<p>[\/vc_column_text][\/vc_column][\/vc_row]<\/p>\n<\/div>","protected":false},"excerpt":{"rendered":"<p>[vc_row][vc_column][vc_column_text css=&#8221;&#8221;] Pull Jaune Jacquard En Mohair Bross\u00e9 Le mannequin mesure 175cm et porte une taille S &nbsp; Ce pull \u00e9pais joue sur les couleurs et les textures pour cr\u00e9er un effet particuli\u00e8rement chaud et \u00e9pais, avec des ourlets et des poignets arrach\u00e9s \u00e0 la&#8230;<\/p>\n","protected":false},"featured_media":15486,"template":"","meta":[],"product_brand":[],"product_cat":[378,130],"product_tag":[],"class_list":{"0":"post-18715","1":"product","2":"type-product","3":"status-publish","4":"has-post-thumbnail","6":"product_cat-femme-tout-le-pret-a-porter","7":"product_cat-femme-pulls-cardigans","9":"first","10":"instock","11":"taxable","12":"shipping-taxable","13":"purchasable","14":"product-type-variable"},"etheme_brands":{"errors":{"invalid_taxonomy":["Taxonomie non valide."]},"error_data":[]},"_links":{"self":[{"href":"https:\/\/www.chambredefan.com\/fr\/wp-json\/wp\/v2\/product\/18715","targetHints":{"allow":["GET"]}}],"collection":[{"href":"https:\/\/www.chambredefan.com\/fr\/wp-json\/wp\/v2\/product"}],"about":[{"href":"https:\/\/www.chambredefan.com\/fr\/wp-json\/wp\/v2\/types\/product"}],"wp:featuredmedia":[{"embeddable":true,"href":"https:\/\/www.chambredefan.com\/fr\/wp-json\/wp\/v2\/media\/15486"}],"wp:attachment":[{"href":"https:\/\/www.chambredefan.com\/fr\/wp-json\/wp\/v2\/media?parent=18715"}],"wp:term":[{"taxonomy":"product_brand","embeddable":true,"href":"https:\/\/www.chambredefan.com\/fr\/wp-json\/wp\/v2\/product_brand?post=18715"},{"taxonomy":"product_cat","embeddable":true,"href":"https:\/\/www.chambredefan.com\/fr\/wp-json\/wp\/v2\/product_cat?post=18715"},{"taxonomy":"product_tag","embeddable":true,"href":"https:\/\/www.chambredefan.com\/fr\/wp-json\/wp\/v2\/product_tag?post=18715"}],"curies":[{"name":"wp","href":"https:\/\/api.w.org\/{rel}","templated":true}]}}