{"id":19152,"date":"2024-11-02T22:24:19","date_gmt":"2024-11-02T20:24:19","guid":{"rendered":"https:\/\/www.chambredefan.com\/product\/bodysuit-gico-nori\/"},"modified":"2025-08-17T00:09:41","modified_gmt":"2025-08-16T22:09:41","slug":"bodysuit-gico-nori","status":"publish","type":"product","link":"https:\/\/www.chambredefan.com\/fr\/produit-fr\/bodysuit-gico-nori\/","title":{"rendered":"BODYSUIT GICO-NORI"},"content":{"rendered":"<div class=\"wpb-content-wrapper\"><p>[vc_row][vc_column][vc_column_text css=&#8221;&#8221;]<\/p>\n<p>Bodysuit Marron Avec Imprim\u00e9 D\u00e9vor\u00e9<br \/>\nLe mannequin mesure 178cm et porte une taille S<\/p>\n<p>&nbsp;<\/p>\n<p style=\"text-align: justify;\">Ce bodysuit en d\u00e9vor\u00e9 fabriqu\u00e9 en Italie allie \u00e9l\u00e9gance et savoir-faire haut de gamme. Confectionn\u00e9 avec le luxueux fil fantaisie italien, il pr\u00e9sente des motifs de d\u00e9vor\u00e9 complexes qui ajoutent un effet sophistiqu\u00e9, tout en offrant une texture velout\u00e9e distinctive. La technique manuelle de d\u00e9vor\u00e9 met en valeur la qualit\u00e9 raffin\u00e9e du fil, faisant de ce body un choix parfait pour un look raffin\u00e9 et haute couture.<\/p>\n<p>&nbsp;<\/p>\n<p>Fabriqu\u00e9 en Italie<\/p>\n<p>&nbsp;<\/p>\n<p style=\"text-align: justify; font-weight: 900;\">Article en Made-To-Order<\/p>\n<p>&nbsp;<\/p>\n<p style=\"text-align: justify; font-weight: 900;\">Votre article sera livr\u00e9 dans les 45 jours.<\/p>\n<p>&nbsp;<\/p>\n<p style=\"text-align: justify; font-weight: 900;\">En tant qu\u2019article Made-To-Order, vos initiales seront brod\u00e9es \u00e0 la main sur notre \u00e9tiquette principale. Si vous souhaitez que d\u2019autres initiales soient brod\u00e9es \u00e0 la place de vos initiales (jusqu\u2019\u00e0 quatre lettres), veuillez remplir les notes de commande lors de votre commande.<\/p>\n<p>&nbsp;<\/p>\n<p style=\"text-align: justify; font-weight: 900;\">Veuillez noter que les articles en Made-To-Order sont non annulables, non modifiables, non \u00e9changeables et non remboursables.<\/p>\n<p>[\/vc_column_text][\/vc_column][\/vc_row]<\/p>\n<\/div>","protected":false},"excerpt":{"rendered":"<p>[vc_row][vc_column][vc_column_text css=&#8221;&#8221;] Bodysuit Marron Avec Imprim\u00e9 D\u00e9vor\u00e9 Le mannequin mesure 178cm et porte une taille S &nbsp; Ce bodysuit en d\u00e9vor\u00e9 fabriqu\u00e9 en Italie allie \u00e9l\u00e9gance et savoir-faire haut de gamme. Confectionn\u00e9 avec le luxueux fil fantaisie italien, il pr\u00e9sente des motifs de d\u00e9vor\u00e9 complexes&#8230;<\/p>\n","protected":false},"featured_media":19065,"template":"","meta":[],"product_brand":[],"product_cat":[423],"product_tag":[],"class_list":{"0":"post-19152","1":"product","2":"type-product","3":"status-publish","4":"has-post-thumbnail","6":"product_cat-femme-made-to-order","8":"first","9":"instock","10":"taxable","11":"shipping-taxable","12":"purchasable","13":"product-type-variable"},"etheme_brands":{"errors":{"invalid_taxonomy":["Taxonomie non valide."]},"error_data":[]},"_links":{"self":[{"href":"https:\/\/www.chambredefan.com\/fr\/wp-json\/wp\/v2\/product\/19152","targetHints":{"allow":["GET"]}}],"collection":[{"href":"https:\/\/www.chambredefan.com\/fr\/wp-json\/wp\/v2\/product"}],"about":[{"href":"https:\/\/www.chambredefan.com\/fr\/wp-json\/wp\/v2\/types\/product"}],"wp:featuredmedia":[{"embeddable":true,"href":"https:\/\/www.chambredefan.com\/fr\/wp-json\/wp\/v2\/media\/19065"}],"wp:attachment":[{"href":"https:\/\/www.chambredefan.com\/fr\/wp-json\/wp\/v2\/media?parent=19152"}],"wp:term":[{"taxonomy":"product_brand","embeddable":true,"href":"https:\/\/www.chambredefan.com\/fr\/wp-json\/wp\/v2\/product_brand?post=19152"},{"taxonomy":"product_cat","embeddable":true,"href":"https:\/\/www.chambredefan.com\/fr\/wp-json\/wp\/v2\/product_cat?post=19152"},{"taxonomy":"product_tag","embeddable":true,"href":"https:\/\/www.chambredefan.com\/fr\/wp-json\/wp\/v2\/product_tag?post=19152"}],"curies":[{"name":"wp","href":"https:\/\/api.w.org\/{rel}","templated":true}]}}