{"id":19177,"date":"2024-11-02T22:50:00","date_gmt":"2024-11-02T20:50:00","guid":{"rendered":"https:\/\/www.chambredefan.com\/product\/pantalon-jacquard-gico-nori-2\/"},"modified":"2025-08-17T00:08:35","modified_gmt":"2025-08-16T22:08:35","slug":"pantalon-jacquard-gico-nori-noir","status":"publish","type":"product","link":"https:\/\/www.chambredefan.com\/fr\/produit-fr\/pantalon-jacquard-gico-nori-noir\/","title":{"rendered":"PANTALON JACQUARD GICO-NORI"},"content":{"rendered":"<div class=\"wpb-content-wrapper\"><p>[vc_row][vc_column][vc_column_text css=&#8221;&#8221;]<\/p>\n<p>Pantalon Jacquard Noir<br \/>\nLe mannequin mesure 178cm et porte une taille S<\/p>\n<p>&nbsp;<\/p>\n<p style=\"text-align: justify;\">Ce pantalon jacquard fabriqu\u00e9 en Italie associe le luxueux fil fantaisie italien \u00e0 de la laine m\u00e9rinos extrafine, offrant \u00e0 la fois \u00e9l\u00e9gance et confort. Le fil de qualit\u00e9 sup\u00e9rieure et le tissage jacquard complexe cr\u00e9ent un motif textur\u00e9 et raffin\u00e9 qui ajoute une touche de richesse subtile \u00e0 n&#8217;importe quel look. Parfait pour un basique de garde-robe raffin\u00e9 et de haute qualit\u00e9.<\/p>\n<p>&nbsp;<\/p>\n<p>Fabriqu\u00e9 en Italie<\/p>\n<p>&nbsp;<\/p>\n<p style=\"text-align: justify; font-weight: 900;\">Article en Made-To-Order<\/p>\n<p>&nbsp;<\/p>\n<p style=\"text-align: justify; font-weight: 900;\">Votre article sera livr\u00e9 dans les 45 jours.<\/p>\n<p>&nbsp;<\/p>\n<p style=\"text-align: justify; font-weight: 900;\">En tant qu\u2019article Made-To-Order, vos initiales seront brod\u00e9es \u00e0 la main sur notre \u00e9tiquette principale. Si vous souhaitez que d\u2019autres initiales soient brod\u00e9es \u00e0 la place de vos initiales (jusqu\u2019\u00e0 quatre lettres), veuillez remplir les notes de commande lors de votre commande.<\/p>\n<p>&nbsp;<\/p>\n<p style=\"text-align: justify; font-weight: 900;\">Veuillez noter que les articles en Made-To-Order sont non annulables, non modifiables, non \u00e9changeables et non remboursables.<\/p>\n<p>[\/vc_column_text][\/vc_column][\/vc_row]<\/p>\n<\/div>","protected":false},"excerpt":{"rendered":"<p>[vc_row][vc_column][vc_column_text css=&#8221;&#8221;] Pantalon Jacquard Noir Le mannequin mesure 178cm et porte une taille S &nbsp; Ce pantalon jacquard fabriqu\u00e9 en Italie associe le luxueux fil fantaisie italien \u00e0 de la laine m\u00e9rinos extrafine, offrant \u00e0 la fois \u00e9l\u00e9gance et confort. Le fil de qualit\u00e9 sup\u00e9rieure&#8230;<\/p>\n","protected":false},"featured_media":19092,"template":"","meta":[],"product_brand":[],"product_cat":[423],"product_tag":[],"class_list":{"0":"post-19177","1":"product","2":"type-product","3":"status-publish","4":"has-post-thumbnail","6":"product_cat-femme-made-to-order","8":"first","9":"instock","10":"taxable","11":"shipping-taxable","12":"purchasable","13":"product-type-variable"},"etheme_brands":{"errors":{"invalid_taxonomy":["Taxonomie non valide."]},"error_data":[]},"_links":{"self":[{"href":"https:\/\/www.chambredefan.com\/fr\/wp-json\/wp\/v2\/product\/19177","targetHints":{"allow":["GET"]}}],"collection":[{"href":"https:\/\/www.chambredefan.com\/fr\/wp-json\/wp\/v2\/product"}],"about":[{"href":"https:\/\/www.chambredefan.com\/fr\/wp-json\/wp\/v2\/types\/product"}],"wp:featuredmedia":[{"embeddable":true,"href":"https:\/\/www.chambredefan.com\/fr\/wp-json\/wp\/v2\/media\/19092"}],"wp:attachment":[{"href":"https:\/\/www.chambredefan.com\/fr\/wp-json\/wp\/v2\/media?parent=19177"}],"wp:term":[{"taxonomy":"product_brand","embeddable":true,"href":"https:\/\/www.chambredefan.com\/fr\/wp-json\/wp\/v2\/product_brand?post=19177"},{"taxonomy":"product_cat","embeddable":true,"href":"https:\/\/www.chambredefan.com\/fr\/wp-json\/wp\/v2\/product_cat?post=19177"},{"taxonomy":"product_tag","embeddable":true,"href":"https:\/\/www.chambredefan.com\/fr\/wp-json\/wp\/v2\/product_tag?post=19177"}],"curies":[{"name":"wp","href":"https:\/\/api.w.org\/{rel}","templated":true}]}}