{"id":19561,"date":"2024-12-09T23:58:37","date_gmt":"2024-12-09T21:58:37","guid":{"rendered":"https:\/\/www.chambredefan.com\/product\/robe-nori\/"},"modified":"2025-08-17T00:07:43","modified_gmt":"2025-08-16T22:07:43","slug":"robe-nori","status":"publish","type":"product","link":"https:\/\/www.chambredefan.com\/fr\/produit-fr\/robe-nori\/","title":{"rendered":"ROBE NORI"},"content":{"rendered":"<div class=\"wpb-content-wrapper\"><p>[vc_row][vc_column][vc_column_text css=&#8221;&#8221;]<\/p>\n<p>Robe Rouge En Kid Mohair<br \/>\nLe mannequin mesure 178cm et porte une taille S<\/p>\n<p>&nbsp;<\/p>\n<p style=\"text-align: justify;\">Cette robe en maille rouge \u00e9clatante est confectionn\u00e9e en 100 % kid mohair, offrant une douceur incomparable et une texture chaleureuse. Avec sa silhouette d\u00e9contract\u00e9e et sa teinte vibrante, elle constitue une pi\u00e8ce audacieuse mais polyvalente pour les journ\u00e9es plus fra\u00eeches.<\/p>\n<p>&nbsp;<\/p>\n<p>Fabriqu\u00e9 en Chine<\/p>\n<p>[\/vc_column_text][\/vc_column][\/vc_row]<\/p>\n<\/div>","protected":false},"excerpt":{"rendered":"<p>[vc_row][vc_column][vc_column_text css=&#8221;&#8221;] Robe Rouge En Kid Mohair Le mannequin mesure 178cm et porte une taille S &nbsp; Cette robe en maille rouge \u00e9clatante est confectionn\u00e9e en 100 % kid mohair, offrant une douceur incomparable et une texture chaleureuse. Avec sa silhouette d\u00e9contract\u00e9e et sa teinte&#8230;<\/p>\n","protected":false},"featured_media":19357,"template":"","meta":[],"product_brand":[],"product_cat":[378,120,369],"product_tag":[],"class_list":{"0":"post-19561","1":"product","2":"type-product","3":"status-publish","4":"has-post-thumbnail","6":"product_cat-femme-tout-le-pret-a-porter","7":"product_cat-femme-robes","8":"product_cat-femme-soldes","10":"first","11":"instock","12":"taxable","13":"shipping-taxable","14":"purchasable","15":"product-type-variable"},"etheme_brands":{"errors":{"invalid_taxonomy":["Taxonomie non valide."]},"error_data":[]},"_links":{"self":[{"href":"https:\/\/www.chambredefan.com\/fr\/wp-json\/wp\/v2\/product\/19561","targetHints":{"allow":["GET"]}}],"collection":[{"href":"https:\/\/www.chambredefan.com\/fr\/wp-json\/wp\/v2\/product"}],"about":[{"href":"https:\/\/www.chambredefan.com\/fr\/wp-json\/wp\/v2\/types\/product"}],"wp:featuredmedia":[{"embeddable":true,"href":"https:\/\/www.chambredefan.com\/fr\/wp-json\/wp\/v2\/media\/19357"}],"wp:attachment":[{"href":"https:\/\/www.chambredefan.com\/fr\/wp-json\/wp\/v2\/media?parent=19561"}],"wp:term":[{"taxonomy":"product_brand","embeddable":true,"href":"https:\/\/www.chambredefan.com\/fr\/wp-json\/wp\/v2\/product_brand?post=19561"},{"taxonomy":"product_cat","embeddable":true,"href":"https:\/\/www.chambredefan.com\/fr\/wp-json\/wp\/v2\/product_cat?post=19561"},{"taxonomy":"product_tag","embeddable":true,"href":"https:\/\/www.chambredefan.com\/fr\/wp-json\/wp\/v2\/product_tag?post=19561"}],"curies":[{"name":"wp","href":"https:\/\/api.w.org\/{rel}","templated":true}]}}