{"id":19579,"date":"2024-12-10T01:49:52","date_gmt":"2024-12-09T23:49:52","guid":{"rendered":"https:\/\/www.chambredefan.com\/product\/gilet-nori-niodelle-v\/"},"modified":"2025-08-17T00:04:09","modified_gmt":"2025-08-16T22:04:09","slug":"gilet-nori-niodelle-v","status":"publish","type":"product","link":"https:\/\/www.chambredefan.com\/fr\/produit-fr\/gilet-nori-niodelle-v\/","title":{"rendered":"GILET NORI-NIODELLE.V"},"content":{"rendered":"<div class=\"wpb-content-wrapper\"><p>[vc_row][vc_column][vc_column_text css=&#8221;&#8221;]<\/p>\n<p>Gilet Beige Avec Oiseau Brod\u00e9 \u00c0 La Main<br \/>\nLe mannequin mesure 178cm et porte une taille S<\/p>\n<p>&nbsp;<\/p>\n<p style=\"text-align: justify;\">Enveloppez-vous dans le raffinement chaleureux de ce gilet brod\u00e9 \u00e0 la main, confectionn\u00e9 dans un m\u00e9lange de laine m\u00e9rinos extrafine et de laine. Arborant une douce teinte beige, cette pi\u00e8ce d\u00e9gage chaleur et \u00e9l\u00e9gance discr\u00e8te. Des coutures rouges soigneusement plac\u00e9es soulignent les bords, ajoutant une subtile touche artisanale, tandis que le motif d&#8217;oiseau brod\u00e9 \u00e0 la main sur la poche conf\u00e8re charme et individualit\u00e9 au design.<\/p>\n<p>&nbsp;<\/p>\n<p>Fabriqu\u00e9 en Chine<\/p>\n<p>[\/vc_column_text][\/vc_column][\/vc_row]<\/p>\n<\/div>","protected":false},"excerpt":{"rendered":"<p>[vc_row][vc_column][vc_column_text css=&#8221;&#8221;] Gilet Beige Avec Oiseau Brod\u00e9 \u00c0 La Main Le mannequin mesure 178cm et porte une taille S &nbsp; Enveloppez-vous dans le raffinement chaleureux de ce gilet brod\u00e9 \u00e0 la main, confectionn\u00e9 dans un m\u00e9lange de laine m\u00e9rinos extrafine et de laine. Arborant une&#8230;<\/p>\n","protected":false},"featured_media":19414,"template":"","meta":[],"product_brand":[],"product_cat":[378,176,369],"product_tag":[],"class_list":{"0":"post-19579","1":"product","2":"type-product","3":"status-publish","4":"has-post-thumbnail","6":"product_cat-femme-tout-le-pret-a-porter","7":"product_cat-femme-tops-t-shirts","8":"product_cat-femme-soldes","10":"first","11":"instock","12":"taxable","13":"shipping-taxable","14":"purchasable","15":"product-type-variable"},"etheme_brands":{"errors":{"invalid_taxonomy":["Taxonomie non valide."]},"error_data":[]},"_links":{"self":[{"href":"https:\/\/www.chambredefan.com\/fr\/wp-json\/wp\/v2\/product\/19579","targetHints":{"allow":["GET"]}}],"collection":[{"href":"https:\/\/www.chambredefan.com\/fr\/wp-json\/wp\/v2\/product"}],"about":[{"href":"https:\/\/www.chambredefan.com\/fr\/wp-json\/wp\/v2\/types\/product"}],"wp:featuredmedia":[{"embeddable":true,"href":"https:\/\/www.chambredefan.com\/fr\/wp-json\/wp\/v2\/media\/19414"}],"wp:attachment":[{"href":"https:\/\/www.chambredefan.com\/fr\/wp-json\/wp\/v2\/media?parent=19579"}],"wp:term":[{"taxonomy":"product_brand","embeddable":true,"href":"https:\/\/www.chambredefan.com\/fr\/wp-json\/wp\/v2\/product_brand?post=19579"},{"taxonomy":"product_cat","embeddable":true,"href":"https:\/\/www.chambredefan.com\/fr\/wp-json\/wp\/v2\/product_cat?post=19579"},{"taxonomy":"product_tag","embeddable":true,"href":"https:\/\/www.chambredefan.com\/fr\/wp-json\/wp\/v2\/product_tag?post=19579"}],"curies":[{"name":"wp","href":"https:\/\/api.w.org\/{rel}","templated":true}]}}