{"id":19591,"date":"2024-12-10T01:25:15","date_gmt":"2024-12-09T23:25:15","guid":{"rendered":"https:\/\/www.chambredefan.com\/product\/jupe-puffimo-niodelle\/"},"modified":"2025-08-17T00:04:30","modified_gmt":"2025-08-16T22:04:30","slug":"jupe-puffimo-niodelle","status":"publish","type":"product","link":"https:\/\/www.chambredefan.com\/fr\/produit-fr\/jupe-puffimo-niodelle\/","title":{"rendered":"JUPE PUFFIMO-NIODELLE"},"content":{"rendered":"<div class=\"wpb-content-wrapper\"><p>[vc_row][vc_column][vc_column_text css=&#8221;&#8221;]<\/p>\n<p>Jupe Grise Oiseau Tricot\u00e9e \u00c0 La Main<br \/>\nLe mannequin mesure 178cm et porte une taille S<\/p>\n<p>&nbsp;<\/p>\n<p style=\"text-align: justify;\">Cette jupe en maille grise, fait \u00e0 la main, arbore un motif d&#8217;oiseau saisissant, alliant charme artisanal et confort douillet. Confectionn\u00e9 dans un m\u00e9lange de laine, de nylon et de polyester, il offre chaleur, durabilit\u00e9 et une texture douce. Sa coupe d\u00e9contract\u00e9e et ses d\u00e9tails artistiques en font une pi\u00e8ce remarquable pour sublimer votre style hivernal.<\/p>\n<p>&nbsp;<\/p>\n<p>Fabriqu\u00e9 en Chine<\/p>\n<p>[\/vc_column_text][\/vc_column][\/vc_row]<\/p>\n<\/div>","protected":false},"excerpt":{"rendered":"<p>[vc_row][vc_column][vc_column_text css=&#8221;&#8221;] Jupe Grise Oiseau Tricot\u00e9e \u00c0 La Main Le mannequin mesure 178cm et porte une taille S &nbsp; Cette jupe en maille grise, fait \u00e0 la main, arbore un motif d&#8217;oiseau saisissant, alliant charme artisanal et confort douillet. Confectionn\u00e9 dans un m\u00e9lange de laine,&#8230;<\/p>\n","protected":false},"featured_media":19408,"template":"","meta":[],"product_brand":[],"product_cat":[378,129],"product_tag":[],"class_list":{"0":"post-19591","1":"product","2":"type-product","3":"status-publish","4":"has-post-thumbnail","6":"product_cat-femme-tout-le-pret-a-porter","7":"product_cat-femme-jupes","9":"first","10":"instock","11":"taxable","12":"shipping-taxable","13":"purchasable","14":"product-type-variable"},"etheme_brands":{"errors":{"invalid_taxonomy":["Taxonomie non valide."]},"error_data":[]},"_links":{"self":[{"href":"https:\/\/www.chambredefan.com\/fr\/wp-json\/wp\/v2\/product\/19591","targetHints":{"allow":["GET"]}}],"collection":[{"href":"https:\/\/www.chambredefan.com\/fr\/wp-json\/wp\/v2\/product"}],"about":[{"href":"https:\/\/www.chambredefan.com\/fr\/wp-json\/wp\/v2\/types\/product"}],"wp:featuredmedia":[{"embeddable":true,"href":"https:\/\/www.chambredefan.com\/fr\/wp-json\/wp\/v2\/media\/19408"}],"wp:attachment":[{"href":"https:\/\/www.chambredefan.com\/fr\/wp-json\/wp\/v2\/media?parent=19591"}],"wp:term":[{"taxonomy":"product_brand","embeddable":true,"href":"https:\/\/www.chambredefan.com\/fr\/wp-json\/wp\/v2\/product_brand?post=19591"},{"taxonomy":"product_cat","embeddable":true,"href":"https:\/\/www.chambredefan.com\/fr\/wp-json\/wp\/v2\/product_cat?post=19591"},{"taxonomy":"product_tag","embeddable":true,"href":"https:\/\/www.chambredefan.com\/fr\/wp-json\/wp\/v2\/product_tag?post=19591"}],"curies":[{"name":"wp","href":"https:\/\/api.w.org\/{rel}","templated":true}]}}