{"id":19597,"date":"2024-12-10T22:19:57","date_gmt":"2024-12-10T20:19:57","guid":{"rendered":"https:\/\/www.chambredefan.com\/product\/broche-niodelle-br\/"},"modified":"2025-08-16T23:53:28","modified_gmt":"2025-08-16T21:53:28","slug":"broche-niodelle-br-blanche","status":"publish","type":"product","link":"https:\/\/www.chambredefan.com\/fr\/produit-fr\/broche-niodelle-br-blanche\/","title":{"rendered":"BROCHE NIODELLE.BR"},"content":{"rendered":"<div class=\"wpb-content-wrapper\"><p>[vc_row][vc_column][vc_column_text css=&#8221;&#8221;]<\/p>\n<p>Broche Blanche Oiseau Tricot\u00e9e \u00c0 La Main<\/p>\n<p>&nbsp;<\/p>\n<p style=\"text-align: justify;\">Cette broche d\u00e9licate est confectionn\u00e9e en 100 % laine, garantissant douceur et durabilit\u00e9. Son design pr\u00e9sente un m\u00e9lange de tons iris et blanc, cr\u00e9ant une esth\u00e9tique \u00e0 la fois ludique et sophistiqu\u00e9e, apportant une touche artistique \u00e0 votre tenue.<\/p>\n<p>&nbsp;<\/p>\n<p>Fabriqu\u00e9 en Chine<\/p>\n<p>[\/vc_column_text][\/vc_column][\/vc_row]<\/p>\n<\/div>","protected":false},"excerpt":{"rendered":"<p>[vc_row][vc_column][vc_column_text css=&#8221;&#8221;] Broche Blanche Oiseau Tricot\u00e9e \u00c0 La Main &nbsp; Cette broche d\u00e9licate est confectionn\u00e9e en 100 % laine, garantissant douceur et durabilit\u00e9. Son design pr\u00e9sente un m\u00e9lange de tons iris et blanc, cr\u00e9ant une esth\u00e9tique \u00e0 la fois ludique et sophistiqu\u00e9e, apportant une touche&#8230;<\/p>\n","protected":false},"featured_media":19498,"template":"","meta":[],"product_brand":[],"product_cat":[460,123,114,463],"product_tag":[],"class_list":{"0":"post-19597","1":"product","2":"type-product","3":"status-publish","4":"has-post-thumbnail","6":"product_cat-toutes-les-femmes-nouveautes","7":"product_cat-femme-nouveautes","8":"product_cat-tous-les-accessoires","9":"product_cat-broches","11":"first","12":"instock","13":"taxable","14":"shipping-taxable","15":"purchasable","16":"product-type-variable"},"etheme_brands":{"errors":{"invalid_taxonomy":["Taxonomie non valide."]},"error_data":[]},"_links":{"self":[{"href":"https:\/\/www.chambredefan.com\/fr\/wp-json\/wp\/v2\/product\/19597","targetHints":{"allow":["GET"]}}],"collection":[{"href":"https:\/\/www.chambredefan.com\/fr\/wp-json\/wp\/v2\/product"}],"about":[{"href":"https:\/\/www.chambredefan.com\/fr\/wp-json\/wp\/v2\/types\/product"}],"wp:featuredmedia":[{"embeddable":true,"href":"https:\/\/www.chambredefan.com\/fr\/wp-json\/wp\/v2\/media\/19498"}],"wp:attachment":[{"href":"https:\/\/www.chambredefan.com\/fr\/wp-json\/wp\/v2\/media?parent=19597"}],"wp:term":[{"taxonomy":"product_brand","embeddable":true,"href":"https:\/\/www.chambredefan.com\/fr\/wp-json\/wp\/v2\/product_brand?post=19597"},{"taxonomy":"product_cat","embeddable":true,"href":"https:\/\/www.chambredefan.com\/fr\/wp-json\/wp\/v2\/product_cat?post=19597"},{"taxonomy":"product_tag","embeddable":true,"href":"https:\/\/www.chambredefan.com\/fr\/wp-json\/wp\/v2\/product_tag?post=19597"}],"curies":[{"name":"wp","href":"https:\/\/api.w.org\/{rel}","templated":true}]}}