{"id":19672,"date":"2024-12-19T23:57:26","date_gmt":"2024-12-19T21:57:26","guid":{"rendered":"https:\/\/www.chambredefan.com\/product\/pull-mitimo-t-en-coton-bio\/"},"modified":"2025-08-16T23:56:17","modified_gmt":"2025-08-16T21:56:17","slug":"pull-mitimo-t-en-coton-bio","status":"publish","type":"product","link":"https:\/\/www.chambredefan.com\/fr\/produit-fr\/pull-mitimo-t-en-coton-bio\/","title":{"rendered":"PULL MITIMO.T EN COTON BIO"},"content":{"rendered":"<div class=\"wpb-content-wrapper\"><p>[vc_row][vc_column][vc_column_text css=&#8221;&#8221;]<\/p>\n<p>Pull Blanc En Coton Bio<br \/>\nLe mannequin mesure 178cm et porte une taille S<\/p>\n<p>&nbsp;<\/p>\n<p style=\"text-align: justify;\">Confectionn\u00e9 en 100 % coton biologique premium, ce pull slim pr\u00e9sente des accents rouges audacieux cousus \u00e0 la main sur une base blanche. Avec un effet ab\u00eem\u00e9 sur les poignets et l&#8217;ourlet et une silhouette raffin\u00e9e, il allie savoir-faire intemporel et \u00e0 une \u00e9l\u00e9gance moderne.<\/p>\n<p>&nbsp;<\/p>\n<p>Fabriqu\u00e9 en Italie<\/p>\n<p>&nbsp;<\/p>\n<p style=\"text-align: justify; font-weight: 900;\">Article en Made-To-Order<\/p>\n<p>&nbsp;<\/p>\n<p style=\"text-align: justify; font-weight: 900;\">Votre article sera livr\u00e9 dans les 45 jours.<\/p>\n<p>&nbsp;<\/p>\n<p style=\"text-align: justify; font-weight: 900;\">En tant qu\u2019article Made-To-Order, vos initiales seront brod\u00e9es \u00e0 la main sur notre \u00e9tiquette principale. Si vous souhaitez que d\u2019autres initiales soient brod\u00e9es \u00e0 la place de vos initiales (jusqu\u2019\u00e0 quatre lettres), veuillez remplir les notes de commande lors de votre commande.<\/p>\n<p>&nbsp;<\/p>\n<p style=\"text-align: justify; font-weight: 900;\">Veuillez noter que les articles en Made-To-Order sont non annulables, non modifiables, non \u00e9changeables et non remboursables.<\/p>\n<p>[\/vc_column_text][\/vc_column][\/vc_row]<\/p>\n<\/div>","protected":false},"excerpt":{"rendered":"<p>[vc_row][vc_column][vc_column_text css=&#8221;&#8221;] Pull Blanc En Coton Bio Le mannequin mesure 178cm et porte une taille S &nbsp; Confectionn\u00e9 en 100 % coton biologique premium, ce pull slim pr\u00e9sente des accents rouges audacieux cousus \u00e0 la main sur une base blanche. Avec un effet ab\u00eem\u00e9 sur&#8230;<\/p>\n","protected":false},"featured_media":19649,"template":"","meta":[],"product_brand":[],"product_cat":[423],"product_tag":[],"class_list":{"0":"post-19672","1":"product","2":"type-product","3":"status-publish","4":"has-post-thumbnail","6":"product_cat-femme-made-to-order","8":"first","9":"instock","10":"taxable","11":"shipping-taxable","12":"purchasable","13":"product-type-variable"},"etheme_brands":{"errors":{"invalid_taxonomy":["Taxonomie non valide."]},"error_data":[]},"_links":{"self":[{"href":"https:\/\/www.chambredefan.com\/fr\/wp-json\/wp\/v2\/product\/19672","targetHints":{"allow":["GET"]}}],"collection":[{"href":"https:\/\/www.chambredefan.com\/fr\/wp-json\/wp\/v2\/product"}],"about":[{"href":"https:\/\/www.chambredefan.com\/fr\/wp-json\/wp\/v2\/types\/product"}],"wp:featuredmedia":[{"embeddable":true,"href":"https:\/\/www.chambredefan.com\/fr\/wp-json\/wp\/v2\/media\/19649"}],"wp:attachment":[{"href":"https:\/\/www.chambredefan.com\/fr\/wp-json\/wp\/v2\/media?parent=19672"}],"wp:term":[{"taxonomy":"product_brand","embeddable":true,"href":"https:\/\/www.chambredefan.com\/fr\/wp-json\/wp\/v2\/product_brand?post=19672"},{"taxonomy":"product_cat","embeddable":true,"href":"https:\/\/www.chambredefan.com\/fr\/wp-json\/wp\/v2\/product_cat?post=19672"},{"taxonomy":"product_tag","embeddable":true,"href":"https:\/\/www.chambredefan.com\/fr\/wp-json\/wp\/v2\/product_tag?post=19672"}],"curies":[{"name":"wp","href":"https:\/\/api.w.org\/{rel}","templated":true}]}}