{"id":20184,"date":"2025-03-18T21:45:50","date_gmt":"2025-03-18T19:45:50","guid":{"rendered":"https:\/\/www.chambredefan.com\/product\/boite-mystere-freesia\/"},"modified":"2025-08-16T21:57:31","modified_gmt":"2025-08-16T19:57:31","slug":"the-studio-box-scene-i-for-her","status":"publish","type":"product","link":"https:\/\/www.chambredefan.com\/fr\/produit-fr\/the-studio-box-scene-i-for-her\/","title":{"rendered":"THE STUDIO BOX SC\u00c8NE I"},"content":{"rendered":"<div class=\"wpb-content-wrapper\"><p>[vc_row][vc_column][vc_column_text css=&#8221;&#8221;]<\/p>\n<p style=\"text-align: justify; margin-bottom: 25px;\">The Studio Box Sc\u00e8ne I<\/p>\n<ul style=\"list-style-type: disc;\">\n<li style=\"text-align: justify; font-size: 14px; line-height: 20px; margin-bottom: 0px;\">Comprend 1 \u00e0 2 pi\u00e8ces : peut-\u00eatre un haut autonome, ou un accessoire l\u00e9ger mais affirm\u00e9.<\/li>\n<li style=\"text-align: justify; font-size: 14px; line-height: 20px; margin-bottom: 0px;\"> C\u2019est le d\u00e9but d\u2019une histoire \u2014 un geste d\u00e9licat mais s\u00fbr, pour initier votre premier dialogue intime avec CHAMBRE DE FAN.<\/li>\n<li style=\"text-align: justify; font-size: 14px; line-height: 20px; margin-bottom: 0px;\">Nous composerons pour vous une s\u00e9lection d\u2019une valeur d\u2019environ trois fois le prix de la box.<\/li>\n<\/ul>\n<p>[\/vc_column_text][\/vc_column][\/vc_row]<\/p>\n<\/div>","protected":false},"excerpt":{"rendered":"<p>[vc_row][vc_column][vc_column_text css=&#8221;&#8221;] The Studio Box Sc\u00e8ne I Comprend 1 \u00e0 2 pi\u00e8ces : peut-\u00eatre un haut autonome, ou un accessoire l\u00e9ger mais affirm\u00e9. C\u2019est le d\u00e9but d\u2019une histoire \u2014 un geste d\u00e9licat mais s\u00fbr, pour initier votre premier dialogue intime avec CHAMBRE DE FAN. Nous&#8230;<\/p>\n","protected":false},"featured_media":21041,"template":"","meta":[],"product_brand":[],"product_cat":[471,366],"product_tag":[],"class_list":{"0":"post-20184","1":"product","2":"type-product","3":"status-publish","4":"has-post-thumbnail","6":"product_cat-toutes-les-studio-box","7":"product_cat-the-studio-box-pour-elle","9":"first","10":"outofstock","11":"taxable","12":"shipping-taxable","13":"purchasable","14":"product-type-variable"},"etheme_brands":{"errors":{"invalid_taxonomy":["Taxonomie non valide."]},"error_data":[]},"_links":{"self":[{"href":"https:\/\/www.chambredefan.com\/fr\/wp-json\/wp\/v2\/product\/20184","targetHints":{"allow":["GET"]}}],"collection":[{"href":"https:\/\/www.chambredefan.com\/fr\/wp-json\/wp\/v2\/product"}],"about":[{"href":"https:\/\/www.chambredefan.com\/fr\/wp-json\/wp\/v2\/types\/product"}],"wp:featuredmedia":[{"embeddable":true,"href":"https:\/\/www.chambredefan.com\/fr\/wp-json\/wp\/v2\/media\/21041"}],"wp:attachment":[{"href":"https:\/\/www.chambredefan.com\/fr\/wp-json\/wp\/v2\/media?parent=20184"}],"wp:term":[{"taxonomy":"product_brand","embeddable":true,"href":"https:\/\/www.chambredefan.com\/fr\/wp-json\/wp\/v2\/product_brand?post=20184"},{"taxonomy":"product_cat","embeddable":true,"href":"https:\/\/www.chambredefan.com\/fr\/wp-json\/wp\/v2\/product_cat?post=20184"},{"taxonomy":"product_tag","embeddable":true,"href":"https:\/\/www.chambredefan.com\/fr\/wp-json\/wp\/v2\/product_tag?post=20184"}],"curies":[{"name":"wp","href":"https:\/\/api.w.org\/{rel}","templated":true}]}}