{"id":20196,"date":"2025-03-18T21:58:35","date_gmt":"2025-03-18T19:58:35","guid":{"rendered":"https:\/\/www.chambredefan.com\/product\/boite-mystere-tournesol\/"},"modified":"2025-08-16T21:49:58","modified_gmt":"2025-08-16T19:49:58","slug":"the-studio-box-scene-iii-for-her","status":"publish","type":"product","link":"https:\/\/www.chambredefan.com\/fr\/produit-fr\/the-studio-box-scene-iii-for-her\/","title":{"rendered":"THE STUDIO BOX SC\u00c8NE III"},"content":{"rendered":"<div class=\"wpb-content-wrapper\"><p>[vc_row][vc_column][vc_column_text css=&#8221;&#8221;]<\/p>\n<p style=\"text-align: justify; margin-bottom: 25px;\">The Studio Box Sc\u00e8ne III<\/p>\n<ul style=\"list-style-type: disc;\">\n<li style=\"text-align: justify; font-size: 14px; line-height: 20px; margin-bottom: 0px;\"> Une image pleinement compos\u00e9e.<\/li>\n<li style=\"text-align: justify; font-size: 14px; line-height: 20px; margin-bottom: 0px;\">Parfois construite autour d\u2019un ensemble complet de 3 pi\u00e8ces ou plus.<\/li>\n<li style=\"text-align: justify; font-size: 14px; line-height: 20px; margin-bottom: 0px;\">Parfois port\u00e9e par la seule force d\u2019une pi\u00e8ce de grande valeur.<\/li>\n<li style=\"text-align: justify; font-size: 14px; line-height: 20px; margin-bottom: 0px;\"> Une proposition de style intime et r\u00e9fl\u00e9chie \u2014 une petite curation pens\u00e9e pour vous.<\/li>\n<li style=\"text-align: justify; font-size: 14px; line-height: 20px; margin-bottom: 0px;\">Nous composerons pour vous une s\u00e9lection d\u2019une valeur d\u2019environ trois fois le prix de la box.<\/li>\n<\/ul>\n<p>[\/vc_column_text][\/vc_column][\/vc_row]<\/p>\n<\/div>","protected":false},"excerpt":{"rendered":"<p>[vc_row][vc_column][vc_column_text css=&#8221;&#8221;] The Studio Box Sc\u00e8ne III Une image pleinement compos\u00e9e. Parfois construite autour d\u2019un ensemble complet de 3 pi\u00e8ces ou plus. Parfois port\u00e9e par la seule force d\u2019une pi\u00e8ce de grande valeur. Une proposition de style intime et r\u00e9fl\u00e9chie \u2014 une petite curation pens\u00e9e&#8230;<\/p>\n","protected":false},"featured_media":21041,"template":"","meta":[],"product_brand":[],"product_cat":[471,366],"product_tag":[],"class_list":{"0":"post-20196","1":"product","2":"type-product","3":"status-publish","4":"has-post-thumbnail","6":"product_cat-toutes-les-studio-box","7":"product_cat-the-studio-box-pour-elle","9":"first","10":"outofstock","11":"taxable","12":"shipping-taxable","13":"purchasable","14":"product-type-variable"},"etheme_brands":{"errors":{"invalid_taxonomy":["Taxonomie non valide."]},"error_data":[]},"_links":{"self":[{"href":"https:\/\/www.chambredefan.com\/fr\/wp-json\/wp\/v2\/product\/20196","targetHints":{"allow":["GET"]}}],"collection":[{"href":"https:\/\/www.chambredefan.com\/fr\/wp-json\/wp\/v2\/product"}],"about":[{"href":"https:\/\/www.chambredefan.com\/fr\/wp-json\/wp\/v2\/types\/product"}],"wp:featuredmedia":[{"embeddable":true,"href":"https:\/\/www.chambredefan.com\/fr\/wp-json\/wp\/v2\/media\/21041"}],"wp:attachment":[{"href":"https:\/\/www.chambredefan.com\/fr\/wp-json\/wp\/v2\/media?parent=20196"}],"wp:term":[{"taxonomy":"product_brand","embeddable":true,"href":"https:\/\/www.chambredefan.com\/fr\/wp-json\/wp\/v2\/product_brand?post=20196"},{"taxonomy":"product_cat","embeddable":true,"href":"https:\/\/www.chambredefan.com\/fr\/wp-json\/wp\/v2\/product_cat?post=20196"},{"taxonomy":"product_tag","embeddable":true,"href":"https:\/\/www.chambredefan.com\/fr\/wp-json\/wp\/v2\/product_tag?post=20196"}],"curies":[{"name":"wp","href":"https:\/\/api.w.org\/{rel}","templated":true}]}}