{"id":21499,"date":"2025-10-13T04:50:21","date_gmt":"2025-10-13T02:50:21","guid":{"rendered":"https:\/\/www.chambredefan.com\/product\/pantalon-ivoire-bouclette-jacquard\/"},"modified":"2025-10-13T05:20:08","modified_gmt":"2025-10-13T03:20:08","slug":"pantalon-ivoire-bouclette-jacquard","status":"publish","type":"product","link":"https:\/\/www.chambredefan.com\/fr\/produit-fr\/pantalon-ivoire-bouclette-jacquard\/","title":{"rendered":"PANTALON IVOIRE BOUCLETTE JACQUARD"},"content":{"rendered":"<div class=\"wpb-content-wrapper\"><p>[vc_row][vc_column][vc_column_text css=&#8221;&#8221;]<\/p>\n<p>Pantalon Ivoire Bouclette Jacquard<br \/>\nLe mannequin mesure 175cm et porte une taille S<\/p>\n<p style=\"text-align: justify;\">Ce pantalon jacquard est tricot\u00e9 en laine, acrylique, alpaga, polyamide et cachemire pour leurs propri\u00e9t\u00e9s isloantes. Pantalon doux et chaud avec deux poches plaqu\u00e9es.<\/p>\n<p>Maille \u00e9paisse<\/p>\n<p>Fabriqu\u00e9 en Italie<\/p>\n<p style=\"text-align: justify; font-weight: 900;\">Article en Made-To-Order<\/p>\n<p style=\"text-align: justify; font-weight: 900;\">Votre article sera livr\u00e9 dans les 45 jours.<\/p>\n<p style=\"text-align: justify; font-weight: 900;\">En tant qu\u2019article Made-To-Order, vos initiales seront brod\u00e9es \u00e0 la main sur notre \u00e9tiquette principale. Si vous souhaitez que d\u2019autres initiales soient brod\u00e9es \u00e0 la place de vos initiales (jusqu\u2019\u00e0 quatre lettres), veuillez remplir les notes de commande lors de votre commande.<\/p>\n<p style=\"text-align: justify; font-weight: 900;\">Veuillez noter que les articles en pr\u00e9commande sont non annulables, non modifiables, non \u00e9changeables et non remboursables.<\/p>\n<p>[\/vc_column_text][\/vc_column][\/vc_row]<\/p>\n<\/div>","protected":false},"excerpt":{"rendered":"<p>[vc_row][vc_column][vc_column_text css=&#8221;&#8221;] Pantalon Ivoire Bouclette Jacquard Le mannequin mesure 175cm et porte une taille S Ce pantalon jacquard est tricot\u00e9 en laine, acrylique, alpaga, polyamide et cachemire pour leurs propri\u00e9t\u00e9s isloantes. Pantalon doux et chaud avec deux poches plaqu\u00e9es. Maille \u00e9paisse Fabriqu\u00e9 en Italie Article&#8230;<\/p>\n","protected":false},"featured_media":14235,"template":"","meta":[],"product_brand":[],"product_cat":[423],"product_tag":[],"class_list":{"0":"post-21499","1":"product","2":"type-product","3":"status-publish","4":"has-post-thumbnail","6":"product_cat-femme-made-to-order","8":"first","9":"instock","10":"taxable","11":"shipping-taxable","12":"purchasable","13":"product-type-variable"},"etheme_brands":{"errors":{"invalid_taxonomy":["Taxonomie non valide."]},"error_data":[]},"_links":{"self":[{"href":"https:\/\/www.chambredefan.com\/fr\/wp-json\/wp\/v2\/product\/21499","targetHints":{"allow":["GET"]}}],"collection":[{"href":"https:\/\/www.chambredefan.com\/fr\/wp-json\/wp\/v2\/product"}],"about":[{"href":"https:\/\/www.chambredefan.com\/fr\/wp-json\/wp\/v2\/types\/product"}],"wp:featuredmedia":[{"embeddable":true,"href":"https:\/\/www.chambredefan.com\/fr\/wp-json\/wp\/v2\/media\/14235"}],"wp:attachment":[{"href":"https:\/\/www.chambredefan.com\/fr\/wp-json\/wp\/v2\/media?parent=21499"}],"wp:term":[{"taxonomy":"product_brand","embeddable":true,"href":"https:\/\/www.chambredefan.com\/fr\/wp-json\/wp\/v2\/product_brand?post=21499"},{"taxonomy":"product_cat","embeddable":true,"href":"https:\/\/www.chambredefan.com\/fr\/wp-json\/wp\/v2\/product_cat?post=21499"},{"taxonomy":"product_tag","embeddable":true,"href":"https:\/\/www.chambredefan.com\/fr\/wp-json\/wp\/v2\/product_tag?post=21499"}],"curies":[{"name":"wp","href":"https:\/\/api.w.org\/{rel}","templated":true}]}}