{"id":8987,"date":"2021-02-02T00:48:44","date_gmt":"2021-02-01T23:48:44","guid":{"rendered":"https:\/\/www.chambredefan.com\/product\/robe-noire-cotelee-a-manches-bouffantes-avec-boutons-noir\/"},"modified":"2025-08-16T22:00:00","modified_gmt":"2025-08-16T20:00:00","slug":"robe-noire-cotelee-a-manches-bouffantes-avec-boutons","status":"publish","type":"product","link":"https:\/\/www.chambredefan.com\/fr\/produit-fr\/robe-noire-cotelee-a-manches-bouffantes-avec-boutons\/","title":{"rendered":"ROBE NOIRE C\u00d4TEL\u00c9E \u00c0 MANCHES BOUFFANTES AVEC BOUTONS"},"content":{"rendered":"<div class=\"wpb-content-wrapper\"><p>[vc_row][vc_column][vc_column_text]<\/p>\n<p>Robe Noire C\u00f4tel\u00e9e \u00c0 Manches Bouffantes Avec Boutons<br \/>\nLe mannequin mesure 174cm et porte une taille S<\/p>\n<p>[\/vc_column_text][\/vc_column][\/vc_row]<\/p>\n<\/div>","protected":false},"excerpt":{"rendered":"<p>[vc_row][vc_column][vc_column_text] Robe Noire C\u00f4tel\u00e9e \u00c0 Manches Bouffantes Avec Boutons Le mannequin mesure 174cm et porte une taille S [\/vc_column_text][\/vc_column][\/vc_row]<\/p>\n","protected":false},"featured_media":8944,"template":"","meta":[],"product_brand":[],"product_cat":[439,436,369],"product_tag":[],"class_list":{"0":"post-8987","1":"product","2":"type-product","3":"status-publish","4":"has-post-thumbnail","6":"product_cat-essentiel-femme-tout-le-pret-a-porter","7":"product_cat-essentiel-femme-robes","8":"product_cat-femme-soldes","10":"first","11":"instock","12":"taxable","13":"shipping-taxable","14":"purchasable","15":"product-type-variable"},"etheme_brands":{"errors":{"invalid_taxonomy":["Taxonomie non valide."]},"error_data":[]},"_links":{"self":[{"href":"https:\/\/www.chambredefan.com\/fr\/wp-json\/wp\/v2\/product\/8987","targetHints":{"allow":["GET"]}}],"collection":[{"href":"https:\/\/www.chambredefan.com\/fr\/wp-json\/wp\/v2\/product"}],"about":[{"href":"https:\/\/www.chambredefan.com\/fr\/wp-json\/wp\/v2\/types\/product"}],"wp:featuredmedia":[{"embeddable":true,"href":"https:\/\/www.chambredefan.com\/fr\/wp-json\/wp\/v2\/media\/8944"}],"wp:attachment":[{"href":"https:\/\/www.chambredefan.com\/fr\/wp-json\/wp\/v2\/media?parent=8987"}],"wp:term":[{"taxonomy":"product_brand","embeddable":true,"href":"https:\/\/www.chambredefan.com\/fr\/wp-json\/wp\/v2\/product_brand?post=8987"},{"taxonomy":"product_cat","embeddable":true,"href":"https:\/\/www.chambredefan.com\/fr\/wp-json\/wp\/v2\/product_cat?post=8987"},{"taxonomy":"product_tag","embeddable":true,"href":"https:\/\/www.chambredefan.com\/fr\/wp-json\/wp\/v2\/product_tag?post=8987"}],"curies":[{"name":"wp","href":"https:\/\/api.w.org\/{rel}","templated":true}]}}